{"id":19,"date":"2022-06-09T09:19:03","date_gmt":"2022-06-09T06:19:03","guid":{"rendered":"http:\/\/destek.ozelyazilim.com\/?page_id=19"},"modified":"2022-06-15T09:20:01","modified_gmt":"2022-06-15T06:20:01","slug":"anasayfa","status":"publish","type":"page","link":"https:\/\/destek.ozelyazilim.com\/","title":{"rendered":""},"content":{"rendered":"<h4>&nbsp;<\/h4>\n<h3 style=\"text-align: center;\">PROGRAM KULLANIM KILAVUZLARI<\/h3>\n<h4><strong>\u0130ncelemek istedi\u011finiz program\u0131 se\u00e7iniz.<\/strong><\/h4>\n\n\n<div class=\"wp-container-1 wp-block-group has-small-font-size coblocks-animate\" data-coblocks-animation=\"clipHorizontal\"><div class=\"wp-block-group__inner-container\">\n<figure class=\"wp-block-table is-style-stripes\">\r\n<table class=\"has-fixed-layout\" style=\"height: 215px;\" width=\"923\">\r\n<tbody>\r\n<tr>\r\n<td class=\"has-text-align-center\" data-align=\"center\"><a href=\"http:\/\/destek.ozelyazilim.com\/?page_id=34\"><img class=\"wp-image-28\" style=\"width: 501px;\" src=\"http:\/\/destek.ozelyazilim.com\/wp-content\/uploads\/2022\/06\/sssss.jpg\" alt=\"\" height=\"371\" srcset=\"https:\/\/destek.ozelyazilim.com\/wp-content\/uploads\/2022\/06\/sssss.jpg 973w, https:\/\/destek.ozelyazilim.com\/wp-content\/uploads\/2022\/06\/sssss-300x222.jpg 300w, https:\/\/destek.ozelyazilim.com\/wp-content\/uploads\/2022\/06\/sssss-768x568.jpg 768w\" sizes=\"(max-width: 973px) 100vw, 973px\" \/><\/a><br \/>\r\n<p style=\"text-align: center;\"><a href=\"http:\/\/destek.ozelyazilim.com\/?page_id=34\">BiServis<\/a><\/p>\r\n<\/td>\r\n<td class=\"has-text-align-center\" style=\"text-align: center;\" data-align=\"center\"><a href=\"http:\/\/destek.ozelyazilim.com\/?page_id=37\"><img loading=\"lazy\" class=\"alignnone wp-image-175\" style=\"width: 500px;\" src=\"http:\/\/destek.ozelyazilim.com\/wp-content\/uploads\/2022\/06\/BiListele.jpg\" alt=\"\" width=\"849\" height=\"550\" srcset=\"https:\/\/destek.ozelyazilim.com\/wp-content\/uploads\/2022\/06\/BiListele.jpg 923w, https:\/\/destek.ozelyazilim.com\/wp-content\/uploads\/2022\/06\/BiListele-300x194.jpg 300w, https:\/\/destek.ozelyazilim.com\/wp-content\/uploads\/2022\/06\/BiListele-768x498.jpg 768w\" sizes=\"(max-width: 849px) 100vw, 849px\" \/><\/a><br \/><a href=\"http:\/\/destek.ozelyazilim.com\/?page_id=37\">BiListele<\/a><\/td>\r\n<td class=\"has-text-align-center\" style=\"text-align: center;\" data-align=\"center\"><a href=\"http:\/\/destek.ozelyazilim.com\/?page_id=41\"><img class=\"wp-image-97\" style=\"width: 500px;\" src=\"http:\/\/destek.ozelyazilim.com\/wp-content\/uploads\/2022\/06\/on-muhasebe-fark-1.jpg\" alt=\"\" height=\"379\" srcset=\"https:\/\/destek.ozelyazilim.com\/wp-content\/uploads\/2022\/06\/on-muhasebe-fark-1.jpg 740w, https:\/\/destek.ozelyazilim.com\/wp-content\/uploads\/2022\/06\/on-muhasebe-fark-1-300x227.jpg 300w, https:\/\/destek.ozelyazilim.com\/wp-content\/uploads\/2022\/06\/on-muhasebe-fark-1-79x60.jpg 79w\" sizes=\"(max-width: 740px) 100vw, 740px\" \/><\/a><br \/><a href=\"http:\/\/destek.ozelyazilim.com\/?page_id=41\">BiFatura<\/a><\/td>\r\n<\/tr>\r\n<\/tbody>\r\n<\/table>\r\n<\/figure>\n<\/div><\/div>\n\n\n\n<p>&nbsp;<\/p>\r\n<hr \/>\n\n\n<h5><em><a href=\"http:\/\/destek.ozelyazilim.com\/?page_id=43\">&#8211; Destek Talebi Olu\u015ftur<\/a><\/em><\/h5>\n<h5><em><a href=\"https:\/\/anydesk.com\/tr\" target=\"_blank\" rel=\"noopener\">&#8211; Uzak Masa\u00fcst\u00fc Ba\u011flant\u0131s\u0131<\/a><\/em><\/h5>\n<h5><em><a href=\"http:\/\/www.ozelyazilim.com\" target=\"_blank\" rel=\"noopener\">&#8211; \u00d6zel Yaz\u0131l\u0131m Web Sitesi<\/a><\/em><\/h5>","protected":false},"excerpt":{"rendered":"<p>&nbsp; PROGRAM KULLANIM KILAVUZLARI \u0130ncelemek istedi\u011finiz program\u0131 se\u00e7iniz. BiServis BiListele BiFatura &#8211; Destek Talebi Olu\u015ftur &#8211; Uzak Masa\u00fcst\u00fc Ba\u011flant\u0131s\u0131 &#8211; \u00d6zel Yaz\u0131l\u0131m Web Sitesi<\/p>\n","protected":false},"author":1,"featured_media":0,"parent":0,"menu_order":0,"comment_status":"closed","ping_status":"closed","template":"","meta":{"hide_page_title":"","_coblocks_attr":"","_coblocks_dimensions":"","_coblocks_responsive_height":"","_coblocks_accordion_ie_support":""},"_links":{"self":[{"href":"https:\/\/destek.ozelyazilim.com\/index.php?rest_route=\/wp\/v2\/pages\/19"}],"collection":[{"href":"https:\/\/destek.ozelyazilim.com\/index.php?rest_route=\/wp\/v2\/pages"}],"about":[{"href":"https:\/\/destek.ozelyazilim.com\/index.php?rest_route=\/wp\/v2\/types\/page"}],"author":[{"embeddable":true,"href":"https:\/\/destek.ozelyazilim.com\/index.php?rest_route=\/wp\/v2\/users\/1"}],"replies":[{"embeddable":true,"href":"https:\/\/destek.ozelyazilim.com\/index.php?rest_route=%2Fwp%2Fv2%2Fcomments&post=19"}],"version-history":[{"count":70,"href":"https:\/\/destek.ozelyazilim.com\/index.php?rest_route=\/wp\/v2\/pages\/19\/revisions"}],"predecessor-version":[{"id":248,"href":"https:\/\/destek.ozelyazilim.com\/index.php?rest_route=\/wp\/v2\/pages\/19\/revisions\/248"}],"wp:attachment":[{"href":"https:\/\/destek.ozelyazilim.com\/index.php?rest_route=%2Fwp%2Fv2%2Fmedia&parent=19"}],"curies":[{"name":"wp","href":"https:\/\/api.w.org\/{rel}","templated":true}]}}